{"id":1799,"date":"2024-02-04T09:44:01","date_gmt":"2024-02-04T09:44:01","guid":{"rendered":"https:\/\/taxi-werbung.org\/?page_id=1799"},"modified":"2026-04-19T20:09:32","modified_gmt":"2026-04-19T20:09:32","slug":"home","status":"publish","type":"page","link":"https:\/\/taxi-werbung.org\/","title":{"rendered":"Heim"},"content":{"rendered":"\n\n\n<figure class=\"wp-block-image\"><img decoding=\"async\" src=\"http:\/\/taxi-werbung.org\/wp-content\/uploads\/2024\/02\/WhatsApp-Image-2024-02-03-at-1.03.23-AM.jpeg\" alt=\"\"\/><\/figure>\n\n\n\n<p>\t\t\t\t\t\t\t\t\t\t\n\t\t\t<link rel=\"stylesheet\" href=\"https:\/\/taxi-werbung.org\/wp-content\/plugins\/elementor-pro\/assets\/css\/widget-animated-headline.min.css\">\n<\/p>\n\n\n\n<h3 class=\"wp-block-heading\">\n\t\t\t\t\tWillkommen bei<br>\n\t\t\t\t\tTaxiwerbung<br>\n\t\t\t\t<\/h3>\n\n\n\n<h2 class=\"wp-block-heading\">Wir bieten Werbung auf Taxit\u00fcren an.<\/h2>\n\n\n\n<p>\t\t\t<a href=\"https:\/\/taxi-werbung.org\/?page_id=1809\"><br>\n\t\t\t\t\t\tEntdecke mehr \u2192<br>\n\t\t\t\t\t<\/a><br>\n\t\t\t\t\t\t\t\t\t\t\t\t\t<img loading=\"lazy\" decoding=\"async\" width=\"1024\" height=\"767\" src=\"http:\/\/taxi-werbung.org\/wp-content\/uploads\/2024\/02\/WhatsApp-Image-2024-02-03-at-1.09.00-AM-1024x767.jpeg\" alt=\"\" srcset=\"https:\/\/taxi-werbung.org\/wp-content\/uploads\/2024\/02\/WhatsApp-Image-2024-02-03-at-1.09.00-AM-1024x767.jpeg 1024w, https:\/\/taxi-werbung.org\/wp-content\/uploads\/2024\/02\/WhatsApp-Image-2024-02-03-at-1.09.00-AM-300x225.jpeg 300w, https:\/\/taxi-werbung.org\/wp-content\/uploads\/2024\/02\/WhatsApp-Image-2024-02-03-at-1.09.00-AM-768x576.jpeg 768w, https:\/\/taxi-werbung.org\/wp-content\/uploads\/2024\/02\/WhatsApp-Image-2024-02-03-at-1.09.00-AM-1536x1151.jpeg 1536w, https:\/\/taxi-werbung.org\/wp-content\/uploads\/2024\/02\/WhatsApp-Image-2024-02-03-at-1.09.00-AM-600x450.jpeg 600w, https:\/\/taxi-werbung.org\/wp-content\/uploads\/2024\/02\/WhatsApp-Image-2024-02-03-at-1.09.00-AM.jpeg 1600w\" sizes=\"auto, (max-width: 1024px) 100vw, 1024px\">\t\t\t\t\t\t\t\t\t\t\t\t\t<\/p>\n\n\n\n<p>\u00dcber <a href=\"https:\/\/taxi-werbung.org\/\">Taxi-Werbung.org<\/a><\/p>\n\n\n\n<p><strong>W\u00e4hlen Sie DoorPanelAds:<br>Taxiwerbung leicht gemacht.<\/strong><br>Haben Sie schon einmal Werbung auf Taxi-T\u00fcren gesehen? Das ist DoorPanelAds in Aktion! Sie sind ein cooles Unternehmen, das Werbung auf Taxi-T\u00fcren platziert. Es ist eine clevere M\u00f6glichkeit f\u00fcr Unternehmen, aufzufallen.<br>So funktioniert&#8217;s: <a href=\"https:\/\/taxi-werbung.org\/\">Taxi-Werbung.org<\/a> arbeitet mit Taxiunternehmern zusammen. Die Werbung wird durch uns auf die T\u00fcren montiert.&nbsp;Diese Anzeigen k\u00f6nnen f\u00fcr lokale Gesch\u00e4fte, gro\u00dfe Marken oder alles dazwischen sein.<br>Das Besondere daran ist, dass diese Anzeigen von vielen Menschen gesehen werden, w\u00e4hrend die Taxis herumfahren. Es ist wie eine bewegliche Werbetafel! Au\u00dferdem kann DoorPanelAds bestimmte Gebiete gezielt ansprechen, sodass die Anzeigen die richtigen Leute erreichen.<br>Unternehmen lieben es, weil es eine kosteng\u00fcnstige M\u00f6glichkeit ist, aufzufallen. Und die Fahrer? Sie verdienen zus\u00e4tzliches Geld, indem sie diese Anzeigen zeigen.<br>Also, beim n\u00e4chsten Mal, wenn Sie unterwegs sind, achten Sie auf diese Anzeigen auf den Taxit\u00fcren. Das ist DoorPanelAds in Aktion, macht Werbung f\u00fcr alle Beteiligten einfach und effektiv!<\/p>\n\n\n\n<p>\t\t\t<a href=\"https:\/\/taxi-werbung.org\/?page_id=1809\"><br>\n\t\t\t\t\t\tEntdecke mehr \u2192<br>\n\t\t\t\t\t<\/a><br>\n\t\t\t\t\t\t\t\t\t\t\t\t\t<img loading=\"lazy\" decoding=\"async\" width=\"765\" height=\"197\" src=\"http:\/\/taxi-werbung.org\/wp-content\/uploads\/2024\/02\/unnamed-file.jpeg\" alt=\"\" srcset=\"https:\/\/taxi-werbung.org\/wp-content\/uploads\/2024\/02\/unnamed-file.jpeg 765w, https:\/\/taxi-werbung.org\/wp-content\/uploads\/2024\/02\/unnamed-file-300x77.jpeg 300w\" sizes=\"auto, (max-width: 765px) 100vw, 765px\">\n\t\t\t<link rel=\"stylesheet\" href=\"https:\/\/taxi-werbung.org\/wp-content\/plugins\/elementor\/assets\/css\/widget-icon-list.min.css\">\n<\/p>\n\n\n\n<p><br>\t\t\t\t\t\t\t<svg aria-hidden=\"true\" viewbox=\"0 0 512 512\" xmlns=\"http:\/\/www.w3.org\/2000\/svg\"><path d=\"M504 256c0 136.967-111.033 248-248 248S8 392.967 8 256 119.033 8 256 8s248 111.033 248 248zM227.314 387.314l184-184c6.248-6.248 6.248-16.379 0-22.627l-22.627-22.627c-6.248-6.249-16.379-6.249-22.628 0L216 308.118l-70.059-70.059c-6.248-6.248-16.379-6.248-22.628 0l-22.627 22.627c-6.248 6.248-6.248 16.379 0 22.627l104 104c6.249 6.249 16.379 6.249 22.628.001z\"><\/path><\/svg><br><br>Einfache &amp; Notl\u00f6sung Jederzeit<br>\t\t\t\t\t\t\t\t\t<br><br>Erhalten Sie einen erschwinglichen Preis f\u00fcr bis zu 2 Jahre.<br> <svg aria-hidden=\"true\" viewbox=\"0 0 512 512\" xmlns=\"http:\/\/www.w3.org\/2000\/svg\"><path d=\"M504 256c0 136.967-111.033 248-248 248S8 392.967 8 256 119.033 8 256 8s248 111.033 248 248zM227.314 387.314l184-184c6.248-6.248 6.248-16.379 0-22.627l-22.627-22.627c-6.248-6.249-16.379-6.249-22.628 0L216 308.118l-70.059-70.059c-6.248-6.248-16.379-6.248-22.628 0l-22.627 22.627c-6.248 6.248-6.248 16.379 0 22.627l104 104c6.249 6.249 16.379 6.249 22.628.001z\"><\/path><\/svg><br><br>Ein zuverl\u00e4ssigeres und erfahreneres Team<br><\/p>\n\n\n\n<figure class=\"wp-block-image\"><img decoding=\"async\" src=\"http:\/\/taxi-werbung.org\/wp-content\/uploads\/2024\/02\/WhatsApp-Image-2024-02-03-at-1.06.26-AM.jpeg\" alt=\"\"\/><\/figure>\n\n\n\n<figure class=\"wp-block-image\"><img decoding=\"async\" src=\"http:\/\/taxi-werbung.org\/wp-content\/uploads\/2024\/02\/WhatsApp-Image-2024-02-03-at-1.06.56-AM-722x1024.jpeg\" alt=\"\"\/><\/figure>\n\n\n\n<figure class=\"wp-block-image\"><img decoding=\"async\" src=\"http:\/\/taxi-werbung.org\/wp-content\/uploads\/2024\/02\/WhatsApp-Image-2024-02-03-at-1.07.34-AM-778x1024.jpeg\" alt=\"\"\/><\/figure>\n\n\n\n<p>\t\t\t\t\t\t\t\t\t\t\t\t\t<br>\n\t\t\t\t\t\t\t\t\t\t\t\t\t<br>\n\t\t\t\t\t\t\t\t\t\t\t\t\t\t\t\t\t\t\t\t\t\t\t\t\t\t<\/p>\n\n\n\n<h1 class=\"wp-block-heading\">Kontaktieren Sie uns<\/h1>\n\n\n\n<p>F\u00dcR TAXIWERBUNG.<\/p>\n\n\n\n<figure class=\"wp-block-image\"><img decoding=\"async\" src=\"http:\/\/taxi-werbung.org\/wp-content\/uploads\/2024\/02\/hot-line-contact-us-call-center-search-interface_53876-124009.jpg\" alt=\"\"\/><\/figure>\n\n\n\n<p><\/p>\n","protected":false},"excerpt":{"rendered":"<p>Willkommen bei Taxiwerbung Wir bieten Werbung auf Taxit\u00fcren an. Entdecke mehr \u2192 \u00dcber Taxi-Werbung.org W\u00e4hlen Sie DoorPanelAds:Taxiwerbung leicht gemacht.Haben Sie [&hellip;]<\/p>\n","protected":false},"author":1,"featured_media":0,"parent":0,"menu_order":0,"comment_status":"closed","ping_status":"closed","template":"","meta":{"site-sidebar-layout":"no-sidebar","site-content-layout":"","ast-site-content-layout":"full-width-container","site-content-style":"default","site-sidebar-style":"default","ast-global-header-display":"","ast-banner-title-visibility":"","ast-main-header-display":"","ast-hfb-above-header-display":"","ast-hfb-below-header-display":"","ast-hfb-mobile-header-display":"","site-post-title":"disabled","ast-breadcrumbs-content":"","ast-featured-img":"disabled","footer-sml-layout":"","ast-disable-related-posts":"","theme-transparent-header-meta":"","adv-header-id-meta":"","stick-header-meta":"","header-above-stick-meta":"","header-main-stick-meta":"","header-below-stick-meta":"","astra-migrate-meta-layouts":"default","ast-page-background-enabled":"default","ast-page-background-meta":{"desktop":{"background-color":"var(--ast-global-color-4)","background-image":"","background-repeat":"repeat","background-position":"center center","background-size":"auto","background-attachment":"scroll","background-type":"","background-media":"","overlay-type":"","overlay-color":"","overlay-opacity":"","overlay-gradient":""},"tablet":{"background-color":"","background-image":"","background-repeat":"repeat","background-position":"center center","background-size":"auto","background-attachment":"scroll","background-type":"","background-media":"","overlay-type":"","overlay-color":"","overlay-opacity":"","overlay-gradient":""},"mobile":{"background-color":"","background-image":"","background-repeat":"repeat","background-position":"center center","background-size":"auto","background-attachment":"scroll","background-type":"","background-media":"","overlay-type":"","overlay-color":"","overlay-opacity":"","overlay-gradient":""}},"ast-content-background-meta":{"desktop":{"background-color":"var(--ast-global-color-5)","background-image":"","background-repeat":"repeat","background-position":"center center","background-size":"auto","background-attachment":"scroll","background-type":"","background-media":"","overlay-type":"","overlay-color":"","overlay-opacity":"","overlay-gradient":""},"tablet":{"background-color":"var(--ast-global-color-5)","background-image":"","background-repeat":"repeat","background-position":"center center","background-size":"auto","background-attachment":"scroll","background-type":"","background-media":"","overlay-type":"","overlay-color":"","overlay-opacity":"","overlay-gradient":""},"mobile":{"background-color":"var(--ast-global-color-5)","background-image":"","background-repeat":"repeat","background-position":"center center","background-size":"auto","background-attachment":"scroll","background-type":"","background-media":"","overlay-type":"","overlay-color":"","overlay-opacity":"","overlay-gradient":""}},"footnotes":""},"class_list":["post-1799","page","type-page","status-publish","hentry"],"_links":{"self":[{"href":"https:\/\/taxi-werbung.org\/index.php?rest_route=\/wp\/v2\/pages\/1799","targetHints":{"allow":["GET"]}}],"collection":[{"href":"https:\/\/taxi-werbung.org\/index.php?rest_route=\/wp\/v2\/pages"}],"about":[{"href":"https:\/\/taxi-werbung.org\/index.php?rest_route=\/wp\/v2\/types\/page"}],"author":[{"embeddable":true,"href":"https:\/\/taxi-werbung.org\/index.php?rest_route=\/wp\/v2\/users\/1"}],"replies":[{"embeddable":true,"href":"https:\/\/taxi-werbung.org\/index.php?rest_route=%2Fwp%2Fv2%2Fcomments&post=1799"}],"version-history":[{"count":75,"href":"https:\/\/taxi-werbung.org\/index.php?rest_route=\/wp\/v2\/pages\/1799\/revisions"}],"predecessor-version":[{"id":1994,"href":"https:\/\/taxi-werbung.org\/index.php?rest_route=\/wp\/v2\/pages\/1799\/revisions\/1994"}],"wp:attachment":[{"href":"https:\/\/taxi-werbung.org\/index.php?rest_route=%2Fwp%2Fv2%2Fmedia&parent=1799"}],"curies":[{"name":"wp","href":"https:\/\/api.w.org\/{rel}","templated":true}]}}